{"id":1378,"date":"2022-09-21T12:30:30","date_gmt":"2022-09-21T12:30:30","guid":{"rendered":"https:\/\/hephaistos.live\/?page_id=1378"},"modified":"2023-04-03T14:37:51","modified_gmt":"2023-04-03T14:37:51","slug":"faucher-a-la-main-au-xxie-siecle","status":"publish","type":"page","link":"https:\/\/hephaistos.live\/","title":{"rendered":"Accueil"},"content":{"rendered":"\n<h2>Faucher \u00e0 la main au XXIe si\u00e8cle&nbsp;?<\/h2>\n\n\n\n<p><strong>Il est d\u00e9sormais scientifiquement \u00e9tabli que la d\u00e9rive climatique et l\u2019\u00e9rosion spectaculaire de la biodiversit\u00e9 sont le r\u00e9sultat de la seule pression de l\u2019Homme sur son environnement.<\/strong><\/p>\n\n\n\n<p><strong>Il devient en cons\u00e9quence urgent de r\u00e9viser en profondeur notre mani\u00e8re d\u2019habiter le monde.<\/strong><\/p>\n\n\n\n<p><strong>Dans le domaine sp\u00e9cifique de la gestion des espaces semi-naturels, la faux appara\u00eet comme un outil d&rsquo;avenir, un outil b\u00e9n\u00e9fique aux vivants, humains et non humains.<\/strong><\/p>\n\n\n\n<div class=\"wp-block-uagb-image uagb-block-dd2443d3 wp-block-uagb-image--layout-default wp-block-uagb-image--effect-static wp-block-uagb-image--align-center\"><figure class=\"wp-block-uagb-image__figure\"><img loading=\"lazy\" srcset=\"https:\/\/hephaistos.live\/wp-content\/uploads\/2022\/09\/logo-hephaistos-RVB-1.jpg \" src=\"https:\/\/hephaistos.live\/wp-content\/uploads\/2022\/09\/logo-hephaistos-RVB-1.jpg\" alt=\"\" class=\"uag-image-1381\" width=\"340\" height=\"297\" title=\"\"\/><\/figure><\/div>\n\n\n\n<figure class=\"wp-block-image aligncenter size-large is-resized\"><img loading=\"lazy\" src=\"https:\/\/hephaistos.live\/wp-content\/uploads\/2022\/09\/IMG_0874-2-768x1024.jpeg\" alt=\"\" class=\"wp-image-1379\" width=\"528\" height=\"704\" srcset=\"https:\/\/hephaistos.live\/wp-content\/uploads\/2022\/09\/IMG_0874-2-768x1024.jpeg 768w, https:\/\/hephaistos.live\/wp-content\/uploads\/2022\/09\/IMG_0874-2-225x300.jpeg 225w, https:\/\/hephaistos.live\/wp-content\/uploads\/2022\/09\/IMG_0874-2-1152x1536.jpeg 1152w, https:\/\/hephaistos.live\/wp-content\/uploads\/2022\/09\/IMG_0874-2-1536x2048.jpeg 1536w, https:\/\/hephaistos.live\/wp-content\/uploads\/2022\/09\/IMG_0874-2-scaled.jpeg 1920w\" sizes=\"(max-width: 528px) 100vw, 528px\" \/><\/figure>\n","protected":false},"excerpt":{"rendered":"<p>Faucher \u00e0 la main au XXIe si\u00e8cle&nbsp;? Il est d\u00e9sormais scientifiquement \u00e9tabli que la d\u00e9rive climatique et l\u2019\u00e9rosion spectaculaire de la biodiversit\u00e9 sont le r\u00e9sultat de la seule pression de l\u2019Homme sur son environnement. Il devient en cons\u00e9quence urgent de r\u00e9viser en profondeur notre mani\u00e8re d\u2019habiter le monde. Dans le domaine sp\u00e9cifique de la gestion &hellip;<\/p>\n<p class=\"read-more\"> <a class=\"\" href=\"https:\/\/hephaistos.live\/\"> <span class=\"screen-reader-text\">Accueil<\/span> Lire la suite\u00a0\u00bb<\/a><\/p>\n","protected":false},"author":1,"featured_media":0,"parent":0,"menu_order":0,"comment_status":"closed","ping_status":"closed","template":"","meta":{"om_disable_all_campaigns":false,"_monsterinsights_skip_tracking":false,"_monsterinsights_sitenote_active":false,"_monsterinsights_sitenote_note":"","_monsterinsights_sitenote_category":0,"site-sidebar-layout":"default","site-content-layout":"default","ast-global-header-display":"","ast-main-header-display":"","ast-hfb-above-header-display":"","ast-hfb-below-header-display":"","ast-hfb-mobile-header-display":"","site-post-title":"disabled","ast-breadcrumbs-content":"","ast-featured-img":"","footer-sml-layout":"","theme-transparent-header-meta":"","adv-header-id-meta":"","stick-header-meta":"","header-above-stick-meta":"","header-main-stick-meta":"","header-below-stick-meta":""},"aioseo_notices":[],"uagb_featured_image_src":{"full":false,"thumbnail":false,"medium":false,"medium_large":false,"large":false,"1536x1536":false,"2048x2048":false},"uagb_author_info":{"display_name":"nic_leroux@yahoo.fr","author_link":"https:\/\/hephaistos.live\/index.php\/author\/nic_lerouxyahoo-fr\/"},"uagb_comment_info":0,"uagb_excerpt":"Faucher \u00e0 la main au XXIe si\u00e8cle&nbsp;? Il est d\u00e9sormais scientifiquement \u00e9tabli que la d\u00e9rive climatique et l\u2019\u00e9rosion spectaculaire de la biodiversit\u00e9 sont le r\u00e9sultat de la seule pression de l\u2019Homme sur son environnement. Il devient en cons\u00e9quence urgent de r\u00e9viser en profondeur notre mani\u00e8re d\u2019habiter le monde. Dans le domaine sp\u00e9cifique de la gestion\u2026","_links":{"self":[{"href":"https:\/\/hephaistos.live\/index.php\/wp-json\/wp\/v2\/pages\/1378"}],"collection":[{"href":"https:\/\/hephaistos.live\/index.php\/wp-json\/wp\/v2\/pages"}],"about":[{"href":"https:\/\/hephaistos.live\/index.php\/wp-json\/wp\/v2\/types\/page"}],"author":[{"embeddable":true,"href":"https:\/\/hephaistos.live\/index.php\/wp-json\/wp\/v2\/users\/1"}],"replies":[{"embeddable":true,"href":"https:\/\/hephaistos.live\/index.php\/wp-json\/wp\/v2\/comments?post=1378"}],"version-history":[{"count":10,"href":"https:\/\/hephaistos.live\/index.php\/wp-json\/wp\/v2\/pages\/1378\/revisions"}],"predecessor-version":[{"id":1483,"href":"https:\/\/hephaistos.live\/index.php\/wp-json\/wp\/v2\/pages\/1378\/revisions\/1483"}],"wp:attachment":[{"href":"https:\/\/hephaistos.live\/index.php\/wp-json\/wp\/v2\/media?parent=1378"}],"curies":[{"name":"wp","href":"https:\/\/api.w.org\/{rel}","templated":true}]}}