{"id":1383,"date":"2022-09-21T19:38:42","date_gmt":"2022-09-21T19:38:42","guid":{"rendered":"https:\/\/hephaistos.live\/?page_id=1383"},"modified":"2023-04-01T20:18:11","modified_gmt":"2023-04-01T20:18:11","slug":"a-propos","status":"publish","type":"page","link":"https:\/\/hephaistos.live\/index.php\/a-propos\/","title":{"rendered":"\u00c0 propos"},"content":{"rendered":"\n<h2>De la faux<\/h2>\n\n\n\n<p>Les multiples qualit\u00e9s de la faux font qu\u2019il n\u2019y aurait que des avantages \u00e0 ce qu\u2019elle remplace les outils thermiques ou \u00e9lectriques aussi souvent que possible et partout o\u00f9 cela est possible.<\/p>\n\n\n\n<p>La faux est en effet un outil&nbsp;:<\/p>\n\n\n\n<p><strong>\u00c9cologique&nbsp;:<\/strong> il est respectueux de la petite faune et de la flore, qui, notamment, ne sont pas broy\u00e9es. Pass\u00e9e la phase de fabrication, la faux ne g\u00e9n\u00e8re plus aucune \u00e9mission de gaz \u00e0 effet de serre. Elle ne disperse aucune particule plastique dans la nature. <\/p>\n\n\n\n<p><strong>Polyvalent&nbsp;:<\/strong> vous pouvez entretenir \u00e0 la faux des espaces verts de tous types et de toutes dimensions (pelouse, plates-bandes, verger, prairie de fauche, sous-bois, etc.) et m\u00eame d\u00e9broussailler.<\/p>\n\n\n\n<p><strong>Sobre&nbsp;:<\/strong> vous n\u2019employez d\u2019autre \u00e9nergie que celle qui est fournie par votre propre corps.<\/p>\n\n\n\n<p><strong>\u00c9conome en temps&nbsp;:<\/strong> nul n\u2019est besoin de faucher aussi r\u00e9guli\u00e8rement que l\u2019on passerait la tondeuse&nbsp;; vous pouvez laisser la v\u00e9g\u00e9tation pousser \u00e0 loisir au b\u00e9n\u00e9fice de la faune et de la flore, une faux pourra toujours y passer le moment voulu.<\/p>\n\n\n\n<p><strong>Pr\u00e9cis&nbsp;: <\/strong>vous contr\u00f4lez tr\u00e8s exactement l&rsquo;endroit o\u00f9 vous coupez et la v\u00e9g\u00e9tation que vous d\u00e9cidez de maintenir (fleur, arbuste, etc.).<\/p>\n\n\n\n<p><strong>Ergonomique&nbsp;:<\/strong> il s\u2019adapte \u00e0 votre taille, votre morphologie et votre force&nbsp;; contrairement aux id\u00e9es re\u00e7ues, il convient aussi bien aux femmes qu\u2019aux hommes.<\/p>\n\n\n\n<p><strong>L\u00e9ger&nbsp;:<\/strong> les faux professionnelles fabriqu\u00e9es aujourd\u2019hui p\u00e8sent moins de deux kilos (manche et lame r\u00e9unis).<\/p>\n\n\n\n<p><strong>Silencieux&nbsp;:<\/strong> vous ne produisez d\u2019autre bruit que celui de votre lame dans les herbes.<\/p>\n\n\n\n<p><strong>Vivifiant&nbsp;:<\/strong> vous profitez pleinement de la nature environnante tout en effectuant un travail utile et agr\u00e9able.<\/p>\n\n\n\n<p><strong>S\u00fbr&nbsp;: <\/strong>la lame est tranchante, mais elle reste toujours \u00e0 terre et \u00e0 distance du faucheur&nbsp;; la faux ne projette pas de d\u00e9bris v\u00e9g\u00e9taux ni de cailloux.<\/p>\n\n\n\n<p><strong>Gratifiant&nbsp;:<\/strong> au fur et \u00e0 mesure que vous vous perfectionnez, vous fauchez avec toujours plus d\u2019aise et de rapidit\u00e9.<\/p>\n\n\n\n<p><strong>\u00c9conomique&nbsp;:<\/strong> bien entretenue, votre faux vous accompagnera toute votre vie.<\/p>\n\n\n\n<p>Enfin, cet outil est aussi un <strong>joyau d\u2019artisanat<\/strong>, fruit d\u2019une \u00e9volution de pr\u00e8s de 2500 ans.<\/p>\n\n\n\n<p>Je travaille avec les compagnies Schr\u00f6ckenfux et Falci, dont les lames sont forg\u00e9es enti\u00e8rement \u00e0 la main et de mani\u00e8re traditionnelle, selon un processus en plus de vingt \u00e9tapes.<\/p>\n\n\n\n<h2>De moi<\/h2>\n\n\n\n<p>\u00c9gyptologue de formation, j&rsquo;ai enseign\u00e9 l&rsquo;\u00e9gyptien hi\u00e9roglyphique et la civilisation \u00e9gyptienne aux universit\u00e9s de Lille, Paris (EPHE) et Namur (Belgique). Mes recherches portent sur les textes produits et conserv\u00e9s par les pr\u00eatres de l&rsquo;ancienne \u00c9gypte entre le IVe si\u00e8cle avant notre \u00e8re et le IIe si\u00e8cle de notre \u00e8re.<\/p>\n\n\n\n<p>C\u2019est parall\u00e8lement \u00e0 ces recherches que j\u2019ai fond\u00e9 H\u00e9pha\u00efstos. En effet, je ne veux plus rester simple spectateur de la trajectoire dans laquelle nous nous sommes, de mani\u00e8re irr\u00e9fl\u00e9chie, collectivement engag\u00e9s et qui conduit \u00e0 l\u2019effondrement du vivant et au changement climatique.<\/p>\n\n\n\n<p>Passionn\u00e9 par la faux depuis 2018, et testant depuis ce moment le plus de mat\u00e9riel diff\u00e9rent possible, j&rsquo;ai d\u00e9cid\u00e9 de promouvoir l&rsquo;usage de cet outil aussi bienfaisant que m\u00e9connu en proposant des formations.<\/p>\n","protected":false},"excerpt":{"rendered":"<p>De la faux Les multiples qualit\u00e9s de la faux font qu\u2019il n\u2019y aurait que des avantages \u00e0 ce qu\u2019elle remplace les outils thermiques ou \u00e9lectriques aussi souvent que possible et partout o\u00f9 cela est possible. La faux est en effet un outil&nbsp;: \u00c9cologique&nbsp;: il est respectueux de la petite faune et de la flore, qui, &hellip;<\/p>\n<p class=\"read-more\"> <a class=\"\" href=\"https:\/\/hephaistos.live\/index.php\/a-propos\/\"> <span class=\"screen-reader-text\">\u00c0 propos<\/span> Lire la suite\u00a0\u00bb<\/a><\/p>\n","protected":false},"author":1,"featured_media":0,"parent":0,"menu_order":1,"comment_status":"closed","ping_status":"closed","template":"","meta":{"om_disable_all_campaigns":false,"_monsterinsights_skip_tracking":false,"_monsterinsights_sitenote_active":false,"_monsterinsights_sitenote_note":"","_monsterinsights_sitenote_category":0,"site-sidebar-layout":"default","site-content-layout":"default","ast-global-header-display":"","ast-main-header-display":"","ast-hfb-above-header-display":"","ast-hfb-below-header-display":"","ast-hfb-mobile-header-display":"","site-post-title":"","ast-breadcrumbs-content":"","ast-featured-img":"","footer-sml-layout":"","theme-transparent-header-meta":"","adv-header-id-meta":"","stick-header-meta":"","header-above-stick-meta":"","header-main-stick-meta":"","header-below-stick-meta":""},"aioseo_notices":[],"uagb_featured_image_src":{"full":false,"thumbnail":false,"medium":false,"medium_large":false,"large":false,"1536x1536":false,"2048x2048":false},"uagb_author_info":{"display_name":"nic_leroux@yahoo.fr","author_link":"https:\/\/hephaistos.live\/index.php\/author\/nic_lerouxyahoo-fr\/"},"uagb_comment_info":0,"uagb_excerpt":"De la faux Les multiples qualit\u00e9s de la faux font qu\u2019il n\u2019y aurait que des avantages \u00e0 ce qu\u2019elle remplace les outils thermiques ou \u00e9lectriques aussi souvent que possible et partout o\u00f9 cela est possible. La faux est en effet un outil&nbsp;: \u00c9cologique&nbsp;: il est respectueux de la petite faune et de la flore, qui,\u2026","_links":{"self":[{"href":"https:\/\/hephaistos.live\/index.php\/wp-json\/wp\/v2\/pages\/1383"}],"collection":[{"href":"https:\/\/hephaistos.live\/index.php\/wp-json\/wp\/v2\/pages"}],"about":[{"href":"https:\/\/hephaistos.live\/index.php\/wp-json\/wp\/v2\/types\/page"}],"author":[{"embeddable":true,"href":"https:\/\/hephaistos.live\/index.php\/wp-json\/wp\/v2\/users\/1"}],"replies":[{"embeddable":true,"href":"https:\/\/hephaistos.live\/index.php\/wp-json\/wp\/v2\/comments?post=1383"}],"version-history":[{"count":18,"href":"https:\/\/hephaistos.live\/index.php\/wp-json\/wp\/v2\/pages\/1383\/revisions"}],"predecessor-version":[{"id":1465,"href":"https:\/\/hephaistos.live\/index.php\/wp-json\/wp\/v2\/pages\/1383\/revisions\/1465"}],"wp:attachment":[{"href":"https:\/\/hephaistos.live\/index.php\/wp-json\/wp\/v2\/media?parent=1383"}],"curies":[{"name":"wp","href":"https:\/\/api.w.org\/{rel}","templated":true}]}}